{"id":4940,"date":"2022-09-08T22:08:55","date_gmt":"2022-09-08T19:08:55","guid":{"rendered":"https:\/\/estee.ee\/thank-you\/"},"modified":"2024-05-16T16:12:18","modified_gmt":"2024-05-16T13:12:18","slug":"thank-you","status":"publish","type":"page","link":"https:\/\/estee.ee\/en\/thank-you\/","title":{"rendered":"Thank you"},"content":{"rendered":"<div class=\"wpb-content-wrapper\"><p>[vc_row css_animation=&#8221;&#8221; row_type=&#8221;row&#8221; use_row_as_full_screen_section=&#8221;no&#8221; type=&#8221;full_width&#8221; angled_section=&#8221;no&#8221; text_align=&#8221;left&#8221; background_image_as_pattern=&#8221;without_pattern&#8221;][vc_column][vc_column_text]<\/p>\r\n<p style=\"text-align: center;\"><\/p>\r\n<h3 class=\"has-text-align-center wp-block-heading\" style=\"text-align: center;\">\u00a0<\/h3>\r\n\r\n<h3 style=\"text-align: center;\">T\u00e4name, et registreerusid konsultatsioonile meie spetsialisti juurde! Meie administraator v\u00f5tab Sinuga peagi \u00fchendust ning kinnitab kohtumise.<br \/>Ilma kinnituseta broneering ei ole kehtiv.<\/h3>\r\n<p>[\/vc_column_text][vc_empty_space][\/vc_column][\/vc_row]<\/p><\/div>","protected":false},"excerpt":{"rendered":"<p>[vc_row css_animation=&#8221;&#8221; row_type=&#8221;row&#8221; use_row_as_full_screen_section=&#8221;no&#8221; type=&#8221;full_width&#8221; angled_section=&#8221;no&#8221; text_align=&#8221;left&#8221; background_image_as_pattern=&#8221;without_pattern&#8221;][vc_column][vc_column_text] \u00a0 T\u00e4name, et registreerusid konsultatsioonile meie spetsialisti juurde! Meie administraator v\u00f5tab Sinuga peagi \u00fchendust ning kinnitab kohtumise.Ilma kinnituseta broneering ei ole kehtiv. [\/vc_column_text][vc_empty_space][\/vc_column][\/vc_row]<\/p>\n","protected":false},"author":2,"featured_media":0,"parent":0,"menu_order":0,"comment_status":"closed","ping_status":"closed","template":"","meta":{"_seopress_robots_primary_cat":"","_seopress_titles_title":"","_seopress_titles_desc":"","_seopress_robots_index":"","footnotes":""},"class_list":["post-4940","page","type-page","status-publish","hentry"],"_links":{"self":[{"href":"https:\/\/estee.ee\/en\/wp-json\/wp\/v2\/pages\/4940","targetHints":{"allow":["GET"]}}],"collection":[{"href":"https:\/\/estee.ee\/en\/wp-json\/wp\/v2\/pages"}],"about":[{"href":"https:\/\/estee.ee\/en\/wp-json\/wp\/v2\/types\/page"}],"author":[{"embeddable":true,"href":"https:\/\/estee.ee\/en\/wp-json\/wp\/v2\/users\/2"}],"replies":[{"embeddable":true,"href":"https:\/\/estee.ee\/en\/wp-json\/wp\/v2\/comments?post=4940"}],"version-history":[{"count":5,"href":"https:\/\/estee.ee\/en\/wp-json\/wp\/v2\/pages\/4940\/revisions"}],"predecessor-version":[{"id":8381,"href":"https:\/\/estee.ee\/en\/wp-json\/wp\/v2\/pages\/4940\/revisions\/8381"}],"wp:attachment":[{"href":"https:\/\/estee.ee\/en\/wp-json\/wp\/v2\/media?parent=4940"}],"curies":[{"name":"wp","href":"https:\/\/api.w.org\/{rel}","templated":true}]}}